{"id":2065,"date":"2023-02-08T18:24:36","date_gmt":"2023-02-08T17:24:36","guid":{"rendered":"https:\/\/yeet-vtc.com\/?page_id=2065"},"modified":"2023-02-20T19:19:58","modified_gmt":"2023-02-20T18:19:58","slug":"formulairededonneespersonnelles","status":"publish","type":"page","link":"https:\/\/yeet-vtc.com\/index.php\/formulairededonneespersonnelles\/","title":{"rendered":"Formulaire de donn\u00e9es personnelles"},"content":{"rendered":"\t\t<div data-elementor-type=\"wp-page\" data-elementor-id=\"2065\" class=\"elementor elementor-2065\">\n\t\t\t\t\t\t<section class=\"elementor-section elementor-top-section elementor-element elementor-element-a3078b2 elementor-section-height-min-height elementor-section-boxed elementor-section-height-default elementor-section-items-middle\" data-id=\"a3078b2\" data-element_type=\"section\">\n\t\t\t\t\t\t<div class=\"elementor-container elementor-column-gap-default\">\n\t\t\t\t\t<div class=\"aux-parallax-section elementor-column elementor-col-100 elementor-top-column elementor-element elementor-element-f13464e\" data-id=\"f13464e\" data-element_type=\"column\">\n\t\t\t<div class=\"elementor-widget-wrap elementor-element-populated\">\n\t\t\t\t\t\t<div class=\"elementor-element elementor-element-73fc440 elementor-widget elementor-widget-heading\" data-id=\"73fc440\" data-element_type=\"widget\" data-widget_type=\"heading.default\">\n\t\t\t\t<div class=\"elementor-widget-container\">\n\t\t\t\t\t<h2 class=\"elementor-heading-title elementor-size-default\">YEET Assurances consid\u00e8re votre vie priv\u00e9e comme sa priorit\u00e9.<\/h2>\t\t\t\t<\/div>\n\t\t\t\t<\/div>\n\t\t\t\t<section class=\"elementor-section elementor-inner-section elementor-element elementor-element-6d2d458 elementor-section-boxed elementor-section-height-default elementor-section-height-default\" data-id=\"6d2d458\" data-element_type=\"section\">\n\t\t\t\t\t\t<div class=\"elementor-container elementor-column-gap-default\">\n\t\t\t\t\t<div class=\"aux-parallax-section elementor-column elementor-col-100 elementor-inner-column elementor-element elementor-element-f79bd56\" data-id=\"f79bd56\" data-element_type=\"column\">\n\t\t\t<div class=\"elementor-widget-wrap elementor-element-populated\">\n\t\t\t\t\t\t<div class=\"elementor-element elementor-element-09b44a0 elementor-widget elementor-widget-text-editor\" data-id=\"09b44a0\" data-element_type=\"widget\" data-widget_type=\"text-editor.default\">\n\t\t\t\t<div class=\"elementor-widget-container\">\n\t\t\t\t\t\t\t\t\t<p>Veuillez remplir les champs suivants afin d&rsquo;exercer votre droit d&rsquo;acc\u00e8s \u00e0 vos <strong>donn\u00e9es personnelles<\/strong>, vos droits \u00e0 l&rsquo;oubli et de portabilit\u00e9 de vos donn\u00e9es personnelles, ou vos droits d&rsquo;opposition et de limitation \u00e0 l&rsquo;utilisation de vos donn\u00e9es personnelles pr\u00e9vus par le<strong> R\u00e8glement G\u00e9n\u00e9ral sur la Protection des Donn\u00e9es<\/strong>.<\/p>\t\t\t\t\t\t\t\t<\/div>\n\t\t\t\t<\/div>\n\t\t\t\t\t<\/div>\n\t\t<\/div>\n\t\t\t\t\t<\/div>\n\t\t<\/section>\n\t\t\t\t<div class=\"elementor-element elementor-element-8634f59 elementor-widget elementor-widget-aux_contact_form\" data-id=\"8634f59\" data-element_type=\"widget\" data-widget_type=\"aux_contact_form.default\">\n\t\t\t\t<div class=\"elementor-widget-container\">\n\t\t\t\t\t<section class=\"widget-container aux-widget-contact-form aux-parent-au1a9578ca\">            <div class=\"aux-col-wrapper aux-no-gutter\">\n            <!-- @TODO - The output for element here -->\n\n            \n<div class=\"wpcf7 no-js\" id=\"wpcf7-f2067-o1\" lang=\"fr-FR\" dir=\"ltr\">\n<div class=\"screen-reader-response\"><p role=\"status\" aria-live=\"polite\" aria-atomic=\"true\"><\/p> <ul><\/ul><\/div>\n<form action=\"\/index.php\/wp-json\/wp\/v2\/pages\/2065#wpcf7-f2067-o1\" method=\"post\" class=\"wpcf7-form init\" aria-label=\"Formulaire de contact\" novalidate=\"novalidate\" data-status=\"init\">\n<div style=\"display: none;\">\n<input type=\"hidden\" name=\"_wpcf7\" value=\"2067\" \/>\n<input type=\"hidden\" name=\"_wpcf7_version\" value=\"5.9.8\" \/>\n<input type=\"hidden\" name=\"_wpcf7_locale\" value=\"fr_FR\" \/>\n<input type=\"hidden\" name=\"_wpcf7_unit_tag\" value=\"wpcf7-f2067-o1\" \/>\n<input type=\"hidden\" name=\"_wpcf7_container_post\" value=\"0\" \/>\n<input type=\"hidden\" name=\"_wpcf7_posted_data_hash\" value=\"\" \/>\n<input type=\"hidden\" name=\"_wpcf7_recaptcha_response\" value=\"\" \/>\n<\/div>\n<p><label> Votre nom<br \/>\n<span class=\"wpcf7-form-control-wrap\" data-name=\"your-name\"><input size=\"40\" maxlength=\"400\" class=\"wpcf7-form-control wpcf7-text wpcf7-validates-as-required\" aria-required=\"true\" aria-invalid=\"false\" value=\"\" type=\"text\" name=\"your-name\" \/><\/span> <\/label>\n<\/p>\n<p><label> Votre Pr\u00e9nom<br \/>\n<span class=\"wpcf7-form-control-wrap\" data-name=\"your-lastname\"><input size=\"40\" maxlength=\"400\" class=\"wpcf7-form-control wpcf7-text wpcf7-validates-as-required\" aria-required=\"true\" aria-invalid=\"false\" value=\"\" type=\"text\" name=\"your-lastname\" \/><\/span> <\/label>\n<\/p>\n<p><label> Votre e-mail<br \/>\n<span class=\"wpcf7-form-control-wrap\" data-name=\"your-email\"><input size=\"40\" maxlength=\"400\" class=\"wpcf7-form-control wpcf7-email wpcf7-validates-as-required wpcf7-text wpcf7-validates-as-email\" aria-required=\"true\" aria-invalid=\"false\" value=\"\" type=\"email\" name=\"your-email\" \/><\/span> <\/label>\n<\/p>\n<p><label> Votre T\u00e9l\u00e9phone<br \/>\n<span class=\"wpcf7-form-control-wrap\" data-name=\"tel-450\"><input size=\"40\" maxlength=\"400\" class=\"wpcf7-form-control wpcf7-tel wpcf7-validates-as-required wpcf7-text wpcf7-validates-as-tel\" aria-required=\"true\" aria-invalid=\"false\" value=\"\" type=\"tel\" name=\"tel-450\" \/><\/span> <\/label>\n<\/p>\n<p><label> D\u00e9tail de la demande (facultatif)<br \/>\n<span class=\"wpcf7-form-control-wrap\" data-name=\"your-message\"><textarea cols=\"40\" rows=\"10\" maxlength=\"2000\" class=\"wpcf7-form-control wpcf7-textarea wpcf7-validates-as-required\" aria-required=\"true\" aria-invalid=\"false\" name=\"your-message\"><\/textarea><\/span> <\/label>\n<\/p>\n<p><input class=\"wpcf7-form-control wpcf7-submit has-spinner\" type=\"submit\" value=\"Envoyer\" \/>\n<\/p><div class=\"wpcf7-response-output\" aria-hidden=\"true\"><\/div>\n<\/form>\n<\/div>\n\n\n            <\/div><!-- aux-col-wrapper -->\n    <\/section><!-- widget-container -->\t\t\t\t<\/div>\n\t\t\t\t<\/div>\n\t\t\t\t\t<\/div>\n\t\t<\/div>\n\t\t\t\t\t<\/div>\n\t\t<\/section>\n\t\t\t\t<\/div>\n\t\t","protected":false},"excerpt":{"rendered":"<p>YEET Assurances consid\u00e8re votre vie priv\u00e9e comme sa priorit\u00e9. Veuillez remplir les champs suivants afin d&rsquo;exercer votre droit d&rsquo;acc\u00e8s \u00e0 vos donn\u00e9es personnelles, vos droits \u00e0 l&rsquo;oubli et de portabilit\u00e9 de vos donn\u00e9es personnelles, ou vos droits d&rsquo;opposition et de limitation \u00e0 l&rsquo;utilisation de vos donn\u00e9es personnelles pr\u00e9vus par le R\u00e8glement G\u00e9n\u00e9ral sur la Protection [&hellip;]<\/p>\n","protected":false},"author":6,"featured_media":0,"parent":0,"menu_order":0,"comment_status":"closed","ping_status":"closed","template":"templates\/page-builder-content.php","meta":{"footnotes":""},"class_list":["post-2065","page","type-page","status-publish","hentry"],"_links":{"self":[{"href":"https:\/\/yeet-vtc.com\/index.php\/wp-json\/wp\/v2\/pages\/2065"}],"collection":[{"href":"https:\/\/yeet-vtc.com\/index.php\/wp-json\/wp\/v2\/pages"}],"about":[{"href":"https:\/\/yeet-vtc.com\/index.php\/wp-json\/wp\/v2\/types\/page"}],"author":[{"embeddable":true,"href":"https:\/\/yeet-vtc.com\/index.php\/wp-json\/wp\/v2\/users\/6"}],"replies":[{"embeddable":true,"href":"https:\/\/yeet-vtc.com\/index.php\/wp-json\/wp\/v2\/comments?post=2065"}],"version-history":[{"count":43,"href":"https:\/\/yeet-vtc.com\/index.php\/wp-json\/wp\/v2\/pages\/2065\/revisions"}],"predecessor-version":[{"id":2169,"href":"https:\/\/yeet-vtc.com\/index.php\/wp-json\/wp\/v2\/pages\/2065\/revisions\/2169"}],"wp:attachment":[{"href":"https:\/\/yeet-vtc.com\/index.php\/wp-json\/wp\/v2\/media?parent=2065"}],"curies":[{"name":"wp","href":"https:\/\/api.w.org\/{rel}","templated":true}]}}